{"id":19800,"date":"2024-09-10T14:49:35","date_gmt":"2024-09-10T12:49:35","guid":{"rendered":"https:\/\/darksn.de\/?page_id=19800"},"modified":"2024-09-10T14:49:35","modified_gmt":"2024-09-10T12:49:35","slug":"mvp-development-services","status":"publish","type":"page","link":"https:\/\/darksn.de\/de\/mvp-entwicklungsdienstleistungen\/","title":{"rendered":"MVP-Entwicklungsdienstleistungen"},"content":{"rendered":"<div data-elementor-type=\"page\" data-elementor-id=\"19800\" class=\"elementor elementor-19800\" data-elementor-post-type=\"page\">\n\t\t\t\t\t\t<section class=\"elementor-section elementor-top-section elementor-element elementor-element-424fc16 elementor-section-boxed elementor-section-height-default elementor-section-height-default wpr-particle-no wpr-jarallax-no wpr-parallax-no wpr-sticky-section-no\" data-id=\"424fc16\" data-element_type=\"section\" data-settings=\"{&quot;background_background&quot;:&quot;classic&quot;}\">\n\t\t\t\t\t\t\t<div class=\"elementor-background-overlay\"><\/div>\n\t\t\t\t\t\t\t<div class=\"elementor-container elementor-column-gap-default\">\n\t\t\t\t\t<div class=\"elementor-column elementor-col-100 elementor-top-column elementor-element elementor-element-418b42d\" data-id=\"418b42d\" data-element_type=\"column\">\n\t\t\t<div class=\"elementor-widget-wrap elementor-element-populated\">\n\t\t\t\t\t\t<div class=\"elementor-element elementor-element-e19f33c elementor-invisible elementor-widget elementor-widget-heading\" data-id=\"e19f33c\" data-element_type=\"widget\" data-settings=\"{&quot;_animation&quot;:&quot;fadeInLeft&quot;}\" data-widget_type=\"heading.default\">\n\t\t\t\t<div class=\"elementor-widget-container\">\n\t\t\t<h1 class=\"elementor-heading-title elementor-size-default\">MVP-Entwicklungsdienstleistungen\n<\/h1>\t\t<\/div>\n\t\t\t\t<\/div>\n\t\t\t\t\t<\/div>\n\t\t<\/div>\n\t\t\t\t\t<\/div>\n\t\t<\/section>\n\t\t<div class=\"elementor-element elementor-element-80a5d68 e-flex e-con-boxed wpr-particle-no wpr-jarallax-no wpr-parallax-no wpr-sticky-section-no e-con e-parent\" data-id=\"80a5d68\" data-element_type=\"container\">\n\t\t\t\t\t<div class=\"e-con-inner\">\n\t\t<div class=\"elementor-element elementor-element-acd5eef e-con-full e-flex wpr-particle-no wpr-jarallax-no wpr-parallax-no wpr-sticky-section-no e-con e-child\" data-id=\"acd5eef\" data-element_type=\"container\">\n\t\t\t\t<div class=\"elementor-element elementor-element-7b1bda1 elementor-widget elementor-widget-text-editor\" data-id=\"7b1bda1\" data-element_type=\"widget\" data-widget_type=\"text-editor.default\">\n\t\t\t\t<div class=\"elementor-widget-container\">\n\t\t\t\t\t\t\t<p>Unsere MVP-Entwicklungsservices erm\u00f6glichen es Ihnen, eine abgespeckte Version Ihrer Software auf den Markt zu bringen, die nur die Kernfunktionen enth\u00e4lt. Das hilft Ihnen, fr\u00fches Nutzerfeedback zu sammeln und schnell erste Ums\u00e4tze zu erzielen. Darksn hat die Auswirkungen erfolgreicher fr\u00fcher Releases selbst erlebt und bietet engagierte und leistungsstarke MVP-Entwicklungsteams zu vorhersehbaren, startup-freundlichen Kosten.<\/p>\t\t\t\t\t\t<\/div>\n\t\t\t\t<\/div>\n\t\t\t\t<\/div>\n\t\t\t\t\t<\/div>\n\t\t\t\t<\/div>\n\t\t\t\t<section class=\"elementor-section elementor-top-section elementor-element elementor-element-696bb113 elementor-section-boxed elementor-section-height-default elementor-section-height-default wpr-particle-no wpr-jarallax-no wpr-parallax-no wpr-sticky-section-no\" data-id=\"696bb113\" data-element_type=\"section\">\n\t\t\t\t\t\t<div class=\"elementor-container elementor-column-gap-default\">\n\t\t\t\t\t<div class=\"elementor-column elementor-col-100 elementor-top-column elementor-element elementor-element-44226526\" data-id=\"44226526\" data-element_type=\"column\">\n\t\t\t<div class=\"elementor-widget-wrap elementor-element-populated\">\n\t\t\t\t\t\t<div class=\"elementor-element elementor-element-3e3983f9 elementor-widget elementor-widget-xpro-heading\" data-id=\"3e3983f9\" data-element_type=\"widget\" data-widget_type=\"xpro-heading.default\">\n\t\t\t\t<div class=\"elementor-widget-container\">\n\t\t\t<div class=\"xpro-heading-wrapper xpro-simple-heading-wrapper\">\r\n\t<h2 class=\"xpro-heading-title\">Vollst\u00e4ndige Unterst\u00fctzung vom Entwurf bis zur Lieferung\n <\/h2><\/div>\r\n\t\t<\/div>\n\t\t\t\t<\/div>\n\t\t\t\t<section class=\"elementor-section elementor-inner-section elementor-element elementor-element-4bf1cdda elementor-section-full_width elementor-section-height-default elementor-section-height-default wpr-particle-no wpr-jarallax-no wpr-parallax-no wpr-sticky-section-no\" data-id=\"4bf1cdda\" data-element_type=\"section\">\n\t\t\t\t\t\t<div class=\"elementor-container elementor-column-gap-default\">\n\t\t\t\t\t<div class=\"elementor-column elementor-col-33 elementor-inner-column elementor-element elementor-element-5f9715b3\" data-id=\"5f9715b3\" data-element_type=\"column\" data-settings=\"{&quot;background_background&quot;:&quot;classic&quot;}\">\n\t\t\t<div class=\"elementor-widget-wrap elementor-element-populated\">\n\t\t\t\t\t\t<div class=\"elementor-element elementor-element-42edaf56 elementor-widget elementor-widget-xpro-counter\" data-id=\"42edaf56\" data-element_type=\"widget\" data-settings=\"{&quot;animate_counter&quot;:&quot;yes&quot;,&quot;duration&quot;:{&quot;unit&quot;:&quot;px&quot;,&quot;size&quot;:3,&quot;sizes&quot;:[]}}\" data-widget_type=\"xpro-counter.default\">\n\t\t\t\t<div class=\"elementor-widget-container\">\n\t\t\t<div class=\"xpro-counter-wrapper\">\n<div class=\"xpro-counter-wrapper-inner\">\n\t\n\t\n\t<div class=\"xpro-counter-content\">\n\t<h3 class=\"xpro-counter-title\">MVP-Planung<\/h3>\t\t<p class=\"xpro-counter-description\">Unsere Berater f\u00fchren Sie durch jeden Aspekt der Planung Ihres MVP, von der Definition einer soliden Marketingstrategie und der Identifizierung von Schl\u00fcsselfunktionen bis zur Auswahl der richtigen Architektur und des richtigen Technologie-Stacks. Wir k\u00f6nnen auch einen Proof of Concept (PoC) oder einen UI-Prototyp liefern, um Ihre Ideen fr\u00fchzeitig zu testen.\n\n<\/p>\n\t\t<\/div>\n<\/div>\n<\/div>\n\t\t<\/div>\n\t\t\t\t<\/div>\n\t\t\t\t\t<\/div>\n\t\t<\/div>\n\t\t\t\t<div class=\"elementor-column elementor-col-33 elementor-inner-column elementor-element elementor-element-5052e55c\" data-id=\"5052e55c\" data-element_type=\"column\" data-settings=\"{&quot;background_background&quot;:&quot;classic&quot;}\">\n\t\t\t<div class=\"elementor-widget-wrap elementor-element-populated\">\n\t\t\t\t\t\t<div class=\"elementor-element elementor-element-6d187e3f elementor-widget elementor-widget-xpro-counter\" data-id=\"6d187e3f\" data-element_type=\"widget\" data-settings=\"{&quot;animate_counter&quot;:&quot;yes&quot;,&quot;duration&quot;:{&quot;unit&quot;:&quot;px&quot;,&quot;size&quot;:3,&quot;sizes&quot;:[]}}\" data-widget_type=\"xpro-counter.default\">\n\t\t\t\t<div class=\"elementor-widget-container\">\n\t\t\t<div class=\"xpro-counter-wrapper\">\n<div class=\"xpro-counter-wrapper-inner\">\n\t\n\t\n\t<div class=\"xpro-counter-content\">\n\t<h3 class=\"xpro-counter-title\">MVP-Entwicklung<\/h3>\t\t<p class=\"xpro-counter-description\">Wir erwecken Ihre MVP-Spezifikationen und -Designs zum Leben und schaffen ein marktreifes Produkt. Unser erfahrenes Team k\u00fcmmert sich um alles, von der Codierung und umfassenden Qualit\u00e4tssicherung bis hin zur Sicherheitskonfiguration und Bereitstellung.\n\n<\/p>\n\t\t<\/div>\n<\/div>\n<\/div>\n\t\t<\/div>\n\t\t\t\t<\/div>\n\t\t\t\t\t<\/div>\n\t\t<\/div>\n\t\t\t\t<div class=\"elementor-column elementor-col-33 elementor-inner-column elementor-element elementor-element-2760676d\" data-id=\"2760676d\" data-element_type=\"column\" data-settings=\"{&quot;background_background&quot;:&quot;classic&quot;}\">\n\t\t\t<div class=\"elementor-widget-wrap elementor-element-populated\">\n\t\t\t\t\t\t<div class=\"elementor-element elementor-element-7fef0175 elementor-widget elementor-widget-xpro-counter\" data-id=\"7fef0175\" data-element_type=\"widget\" data-settings=\"{&quot;animate_counter&quot;:&quot;yes&quot;,&quot;duration&quot;:{&quot;unit&quot;:&quot;px&quot;,&quot;size&quot;:3,&quot;sizes&quot;:[]}}\" data-widget_type=\"xpro-counter.default\">\n\t\t\t\t<div class=\"elementor-widget-container\">\n\t\t\t<div class=\"xpro-counter-wrapper\">\n<div class=\"xpro-counter-wrapper-inner\">\n\t\n\t\n\t<div class=\"xpro-counter-content\">\n\t<h3 class=\"xpro-counter-title\">MVP-Entwicklung<\/h3>\t\t<p class=\"xpro-counter-description\">Sobald Ihr MVP auf den Markt kommt, helfen wir Ihnen dabei, es auf der Grundlage des Benutzerfeedbacks zu einer voll funktionsf\u00e4higen Software weiterzuentwickeln. Unser Team \u00fcberwacht die Software kontinuierlich, behebt alle Probleme, automatisiert die Build-, Test- und Bereitstellungsprozesse mit CI\/CD-Pipelines und optimiert die Nutzung der Cloud-Ressourcen.\n\n<\/p>\n\t\t<\/div>\n<\/div>\n<\/div>\n\t\t<\/div>\n\t\t\t\t<\/div>\n\t\t\t\t\t<\/div>\n\t\t<\/div>\n\t\t\t\t\t<\/div>\n\t\t<\/section>\n\t\t\t\t\t<\/div>\n\t\t<\/div>\n\t\t\t\t\t<\/div>\n\t\t<\/section>\n\t\t\t\t<section class=\"elementor-section elementor-top-section elementor-element elementor-element-2b8b4fd elementor-section-boxed elementor-section-height-default elementor-section-height-default wpr-particle-no wpr-jarallax-no wpr-parallax-no wpr-sticky-section-no\" data-id=\"2b8b4fd\" data-element_type=\"section\" data-settings=\"{&quot;background_background&quot;:&quot;classic&quot;}\">\n\t\t\t\t\t\t<div class=\"elementor-container elementor-column-gap-default\">\n\t\t\t\t\t<div class=\"elementor-column elementor-col-100 elementor-top-column elementor-element elementor-element-4aa04f5f\" data-id=\"4aa04f5f\" data-element_type=\"column\">\n\t\t\t<div class=\"elementor-widget-wrap elementor-element-populated\">\n\t\t\t\t\t\t<div class=\"elementor-element elementor-element-5b18ff83 elementor-widget elementor-widget-xpro-heading\" data-id=\"5b18ff83\" data-element_type=\"widget\" data-widget_type=\"xpro-heading.default\">\n\t\t\t\t<div class=\"elementor-widget-container\">\n\t\t\t<div class=\"xpro-heading-wrapper xpro-simple-heading-wrapper\">\r\n\t<h2 class=\"xpro-heading-title\">PoC vs. Prototyp vs. MVP - Was ist das Richtige f\u00fcr Sie?\n <\/h2><\/div>\r\n\t\t<\/div>\n\t\t\t\t<\/div>\n\t\t\t\t<div class=\"elementor-element elementor-element-3cd91e89 xpro-content-aligncenter elementor-widget__width-initial elementor-widget-tablet__width-initial elementor-widget-mobile__width-inherit elementor-widget elementor-widget-xpro-icon-box\" data-id=\"3cd91e89\" data-element_type=\"widget\" data-widget_type=\"xpro-icon-box.default\">\n\t\t\t\t<div class=\"elementor-widget-container\">\n\t\t\t\r\n<a  class=\"xpro-box-icon-wrapper\">\r\n<div class=\"xpro-box-icon-wrapper-inner\">\r\n\t     \r\n\t\t\t<span class=\"xpro-box-icon-item\">\r\n\t\t\t\t<img decoding=\"async\" src=\"https:\/\/darksn.de\/wp-content\/uploads\/2024\/08\/Featured-01-iamge-02.png\">\t\t\t<\/span>\r\n\t\r\n\t<span class=\"xpro-box-icon-content\">\r\n\t<h3 class=\"xpro-box-icon-title\">Proof of Concept (PoC)<\/h3>\r\n\t\t\t\t\t<p class=\"xpro-box-icon-description\">Ein PoC ist eine vereinfachte Version Ihrer zuk\u00fcnftigen Software oder einer bestimmten Komponente. Sie enth\u00e4lt in der Regel fest kodierte Daten, nachgebildete APIs und kann wenig oder gar keine Benutzeroberfl\u00e4che haben. PoCs werden verwendet, um die Machbarkeit einer Idee zu \u00fcberpr\u00fcfen, verschiedene Technologien zu testen oder festzustellen, ob ein Projekt finanziell tragf\u00e4hig ist.\n\n<\/p>\r\n\t\t\t\t   <\/span>\t\r\n   <\/div>\r\n<\/a>\r\n\t\t<\/div>\n\t\t\t\t<\/div>\n\t\t\t\t<div class=\"elementor-element elementor-element-55672042 xpro-content-aligncenter elementor-widget__width-initial elementor-widget-tablet__width-initial elementor-widget-mobile__width-inherit elementor-widget elementor-widget-xpro-icon-box\" data-id=\"55672042\" data-element_type=\"widget\" data-widget_type=\"xpro-icon-box.default\">\n\t\t\t\t<div class=\"elementor-widget-container\">\n\t\t\t\r\n<a  class=\"xpro-box-icon-wrapper\">\r\n<div class=\"xpro-box-icon-wrapper-inner\">\r\n\t     \r\n\t\t\t<span class=\"xpro-box-icon-item\">\r\n\t\t\t\t<img decoding=\"async\" src=\"https:\/\/darksn.de\/wp-content\/uploads\/2024\/08\/Featured-01-iamge-03.png\">\t\t\t<\/span>\r\n\t\r\n\t<span class=\"xpro-box-icon-content\">\r\n\t<h3 class=\"xpro-box-icon-title\">Prototyp<\/h3>\r\n\t\t\t\t\t<p class=\"xpro-box-icon-description\">W\u00e4hrend sich PoCs auf die technische Seite konzentrieren, stehen bei Prototypen die Benutzerf\u00fchrung und das Layout im Vordergrund. Prototypen helfen dabei, das \"Look and Feel\" der App zu testen, undokumentierte oder missverstandene funktionale Anforderungen zu kl\u00e4ren, die Benutzerfreundlichkeit der UI zu bewerten und die UX zu verfeinern, bevor die eigentliche Entwicklung beginnt.\n\n<\/p>\r\n\t\t\t\t   <\/span>\t\r\n   <\/div>\r\n<\/a>\r\n\t\t<\/div>\n\t\t\t\t<\/div>\n\t\t\t\t<div class=\"elementor-element elementor-element-c3d7074 xpro-content-aligncenter elementor-widget__width-initial elementor-widget-mobile__width-inherit elementor-widget elementor-widget-xpro-icon-box\" data-id=\"c3d7074\" data-element_type=\"widget\" data-widget_type=\"xpro-icon-box.default\">\n\t\t\t\t<div class=\"elementor-widget-container\">\n\t\t\t\r\n<a  class=\"xpro-box-icon-wrapper\">\r\n<div class=\"xpro-box-icon-wrapper-inner\">\r\n\t     \r\n\t\t\t<span class=\"xpro-box-icon-item\">\r\n\t\t\t\t<img decoding=\"async\" src=\"https:\/\/darksn.de\/wp-content\/uploads\/2024\/08\/Featured-01-iamge-04.png\">\t\t\t<\/span>\r\n\t\r\n\t<span class=\"xpro-box-icon-content\">\r\n\t<h3 class=\"xpro-box-icon-title\">MVP<\/h3>\r\n\t\t\t\t\t<p class=\"xpro-box-icon-description\">Ein MVP ist eine voll funktionsf\u00e4hige L\u00f6sung mit nur den Kernfunktionen, die f\u00fcr die Markteinf\u00fchrung erforderlich sind. Es dient dazu, R\u00fcckmeldungen dar\u00fcber zu erhalten, wie die Benutzer mit der Software interagieren, die k\u00fcnftige Richtung der Entwicklung zu bestimmen, zus\u00e4tzliche Finanzmittel zu beschaffen oder erste Ertr\u00e4ge zu erwirtschaften.\n\n<\/p>\r\n\t\t\t\t   <\/span>\t\r\n   <\/div>\r\n<\/a>\r\n\t\t<\/div>\n\t\t\t\t<\/div>\n\t\t\t\t\t<\/div>\n\t\t<\/div>\n\t\t\t\t\t<\/div>\n\t\t<\/section>\n\t\t\t\t<section class=\"elementor-section elementor-top-section elementor-element elementor-element-fc799ee elementor-section-boxed elementor-section-height-default elementor-section-height-default wpr-particle-no wpr-jarallax-no wpr-parallax-no wpr-sticky-section-no\" data-id=\"fc799ee\" data-element_type=\"section\" data-settings=\"{&quot;background_background&quot;:&quot;classic&quot;}\">\n\t\t\t\t\t\t\t<div class=\"elementor-background-overlay\"><\/div>\n\t\t\t\t\t\t\t<div class=\"elementor-container elementor-column-gap-default\">\n\t\t\t\t\t<div class=\"elementor-column elementor-col-100 elementor-top-column elementor-element elementor-element-cd7523a\" data-id=\"cd7523a\" data-element_type=\"column\">\n\t\t\t<div class=\"elementor-widget-wrap elementor-element-populated\">\n\t\t\t\t\t\t<div class=\"elementor-element elementor-element-fbd9559 premium-header-block elementor-widget elementor-widget-premium-addon-dual-header\" data-id=\"fbd9559\" data-element_type=\"widget\" data-widget_type=\"premium-addon-dual-header.default\">\n\t\t\t\t<div class=\"elementor-widget-container\">\n\t\t\t\n\t\t\t\t\t<h2 class=\"premium-dual-header-first-header premium-dual-header-first-clip\"><span class=\"premium-dual-header-first-span\">Starten Sie Ihr MVP mit bew\u00e4hrten Experten <\/span><\/h2> \t\t\n\t\t\t\t<\/div>\n\t\t\t\t<\/div>\n\t\t\t\t<div class=\"elementor-element elementor-element-0c6e607 elementor-widget elementor-widget-text-editor\" data-id=\"0c6e607\" data-element_type=\"widget\" data-widget_type=\"text-editor.default\">\n\t\t\t\t<div class=\"elementor-widget-container\">\n\t\t\t\t\t\t\t<div class=\"flex max-w-full flex-col flex-grow\"><div class=\"min-h-[20px] text-message flex w-full flex-col items-end gap-2 break-words [.text-message+&amp;]:mt-5 overflow-x-auto whitespace-normal\" dir=\"auto\" data-message-author-role=\"assistant\" data-message-id=\"ed60439c-9852-4c4e-abbe-701437b7f764\"><div class=\"flex w-full flex-col gap-1 empty:hidden first:pt-[3px]\"><div class=\"markdown prose w-full break-words dark:prose-invert dark\"><p>Mit Darksn haben Sie ein engagiertes, proaktives technisches Team, das Ihr MVP zum Leben erweckt.<\/p><\/div><\/div><\/div><\/div>\t\t\t\t\t\t<\/div>\n\t\t\t\t<\/div>\n\t\t\t\t<div class=\"elementor-element elementor-element-5f3ab15 elementor-widget__width-inherit elementor-align-center elementor-widget elementor-widget-button\" data-id=\"5f3ab15\" data-element_type=\"widget\" data-widget_type=\"button.default\">\n\t\t\t\t<div class=\"elementor-widget-container\">\n\t\t\t\t\t\t\t<div class=\"elementor-button-wrapper\">\n\t\t\t\t\t<a class=\"elementor-button elementor-button-link elementor-size-sm\" href=\"https:\/\/darksn.de\/de\/kontakt\/\">\n\t\t\t\t\t\t<span class=\"elementor-button-content-wrapper\">\n\t\t\t\t\t\t\t\t\t<span class=\"elementor-button-text\">Verbinden Sie sich mit unserem Team<\/span>\n\t\t\t\t\t<\/span>\n\t\t\t\t\t<\/a>\n\t\t\t\t<\/div>\n\t\t\t\t\t\t<\/div>\n\t\t\t\t<\/div>\n\t\t\t\t\t<\/div>\n\t\t<\/div>\n\t\t\t\t\t<\/div>\n\t\t<\/section>\n\t\t\t\t<\/div>","protected":false},"excerpt":{"rendered":"<p>MVP Development Services Our MVP development services allow you to launch a streamlined version of your software with only the core features, helping you gather early user feedback and start generating revenue quickly. Having experienced the impact of successful early releases ourselves, Darksn offers dedicated and high-performing MVP development teams at predictable, startup-friendly costs. Full Support from Design to Delivery MVP Planning Our consultants guide you through every aspect of planning your MVP, from defining a solid marketing strategy and identifying key features to selecting the right architecture and technology stack. We can also deliver a Proof of Concept (PoC) or a UI prototype to test your ideas early on. MVP Development We bring your MVP specifications and designs to life, creating a market-ready product. Our experienced team manages everything from coding and comprehensive quality assurance to security configuration and deployment. MVP Evolution Once your MVP is launched, we help evolve it into fully-featured software based on user feedback. Our team continuously monitors the software, resolves any issues, automates the build, test, and deployment processes with CI\/CD pipelines, and optimizes cloud resource usage. PoC vs. Prototype vs. MVP \u2014 What\u2019s Right for You? Proof of Concept (PoC) A PoC is a simplified version of your future software or a specific component. It typically features hard-coded data, mocked APIs, and may have little or no UI. PoCs are used to validate the feasibility of an idea, test different technologies, or determine if a project is financially viable. Prototype While PoCs focus on the technical side, prototypes emphasize user flows and layout. Prototypes help test the \u201clook and feel\u201d of the app, clarify any undocumented or misunderstood functional requirements, evaluate the UI\u2019s usability, and refine the UX before actual development begins. MVP An MVP is a fully functional solution with just the core features needed to release it to the market. It\u2019s designed to gather feedback on how users interact with the software, guide the future direction of development, attract additional funding, or start generating early returns. Launch Your MVP with Proven Experts Partner with Darksn for a dedicated, proactive tech team to bring your MVP to life. Connect with Our Team<\/p>","protected":false},"author":1,"featured_media":0,"parent":0,"menu_order":0,"comment_status":"closed","ping_status":"closed","template":"elementor_header_footer","meta":{"footnotes":""},"coauthors":[],"class_list":["post-19800","page","type-page","status-publish","hentry"],"_links":{"self":[{"href":"https:\/\/darksn.de\/de\/wp-json\/wp\/v2\/pages\/19800","targetHints":{"allow":["GET"]}}],"collection":[{"href":"https:\/\/darksn.de\/de\/wp-json\/wp\/v2\/pages"}],"about":[{"href":"https:\/\/darksn.de\/de\/wp-json\/wp\/v2\/types\/page"}],"author":[{"embeddable":true,"href":"https:\/\/darksn.de\/de\/wp-json\/wp\/v2\/users\/1"}],"replies":[{"embeddable":true,"href":"https:\/\/darksn.de\/de\/wp-json\/wp\/v2\/comments?post=19800"}],"version-history":[{"count":0,"href":"https:\/\/darksn.de\/de\/wp-json\/wp\/v2\/pages\/19800\/revisions"}],"wp:attachment":[{"href":"https:\/\/darksn.de\/de\/wp-json\/wp\/v2\/media?parent=19800"}],"wp:term":[{"taxonomy":"author","embeddable":true,"href":"https:\/\/darksn.de\/de\/wp-json\/wp\/v2\/coauthors?post=19800"}],"curies":[{"name":"wp","href":"https:\/\/api.w.org\/{rel}","templated":true}]}}