{"id":2804,"date":"2024-03-21T22:27:18","date_gmt":"2024-03-21T21:27:18","guid":{"rendered":"http:\/\/courpack.de\/?page_id=2804"},"modified":"2024-03-21T22:27:18","modified_gmt":"2024-03-21T21:27:18","slug":"corporate-culture","status":"publish","type":"page","link":"https:\/\/darksn.de\/de\/corporate-culture\/","title":{"rendered":"Corporate Culture"},"content":{"rendered":"<div data-elementor-type=\"page\" data-elementor-id=\"2804\" class=\"elementor elementor-2804\" data-elementor-post-type=\"page\">\n\t\t\t\t\t\t<section class=\"elementor-section elementor-top-section elementor-element elementor-element-99d1b66 elementor-section-boxed elementor-section-height-default elementor-section-height-default wpr-particle-no wpr-jarallax-no wpr-parallax-no wpr-sticky-section-no\" data-id=\"99d1b66\" data-element_type=\"section\" data-settings=\"{&quot;background_background&quot;:&quot;classic&quot;}\">\n\t\t\t\t\t\t\t<div class=\"elementor-background-overlay\"><\/div>\n\t\t\t\t\t\t\t<div class=\"elementor-container elementor-column-gap-default\">\n\t\t\t\t\t<div class=\"elementor-column elementor-col-50 elementor-top-column elementor-element elementor-element-9cd4560\" data-id=\"9cd4560\" data-element_type=\"column\">\n\t\t\t<div class=\"elementor-widget-wrap elementor-element-populated\">\n\t\t\t\t\t\t<div class=\"elementor-element elementor-element-2db6365 elementor-invisible elementor-widget elementor-widget-heading\" data-id=\"2db6365\" data-element_type=\"widget\" data-settings=\"{&quot;_animation&quot;:&quot;fadeInLeft&quot;}\" data-widget_type=\"heading.default\">\n\t\t\t\t<div class=\"elementor-widget-container\">\n\t\t\t<h1 class=\"elementor-heading-title elementor-size-default\">corporate culture<\/h1>\t\t<\/div>\n\t\t\t\t<\/div>\n\t\t\t\t\t<\/div>\n\t\t<\/div>\n\t\t\t\t<div class=\"elementor-column elementor-col-50 elementor-top-column elementor-element elementor-element-41cd61e\" data-id=\"41cd61e\" data-element_type=\"column\">\n\t\t\t<div class=\"elementor-widget-wrap elementor-element-populated\">\n\t\t\t\t\t\t<div class=\"elementor-element elementor-element-cd11274 elementor-invisible elementor-widget elementor-widget-text-editor\" data-id=\"cd11274\" data-element_type=\"widget\" data-settings=\"{&quot;_animation&quot;:&quot;fadeInRight&quot;}\" data-widget_type=\"text-editor.default\">\n\t\t\t\t<div class=\"elementor-widget-container\">\n\t\t\t\t\t\t\t<p>Unsere Arbeitsplatzkultur basiert auf Solidarit\u00e4t, offener Kommunikation und kontinuierlichem Lernen.<\/p>\t\t\t\t\t\t<\/div>\n\t\t\t\t<\/div>\n\t\t\t\t\t<\/div>\n\t\t<\/div>\n\t\t\t\t\t<\/div>\n\t\t<\/section>\n\t\t\t\t<section class=\"elementor-section elementor-top-section elementor-element elementor-element-50be3b28 elementor-section-boxed elementor-section-height-default elementor-section-height-default wpr-particle-no wpr-jarallax-no wpr-parallax-no wpr-sticky-section-no\" data-id=\"50be3b28\" data-element_type=\"section\" data-settings=\"{&quot;background_background&quot;:&quot;classic&quot;}\">\n\t\t\t\t\t\t<div class=\"elementor-container elementor-column-gap-default\">\n\t\t\t\t\t<div class=\"elementor-column elementor-col-100 elementor-top-column elementor-element elementor-element-622036a2\" data-id=\"622036a2\" data-element_type=\"column\">\n\t\t\t<div class=\"elementor-widget-wrap elementor-element-populated\">\n\t\t\t\t\t\t<div class=\"elementor-element elementor-element-66b675c4 elementor-widget elementor-widget-heading\" data-id=\"66b675c4\" data-element_type=\"widget\" data-widget_type=\"heading.default\">\n\t\t\t\t<div class=\"elementor-widget-container\">\n\t\t\t<h2 class=\"elementor-heading-title elementor-size-default\">corporate culture<\/h2>\t\t<\/div>\n\t\t\t\t<\/div>\n\t\t\t\t<div class=\"elementor-element elementor-element-3f5154d0 elementor-widget elementor-widget-text-editor\" data-id=\"3f5154d0\" data-element_type=\"widget\" data-widget_type=\"text-editor.default\">\n\t\t\t\t<div class=\"elementor-widget-container\">\n\t\t\t\t\t\t\t<p>Wir sind davon \u00fcberzeugt, dass jeder Mitarbeiter einen wertvollen Beitrag leistet, und wir respektieren die Ideen und Perspektiven jedes Einzelnen.<\/p>\t\t\t\t\t\t<\/div>\n\t\t\t\t<\/div>\n\t\t\t\t<div class=\"elementor-element elementor-element-151fe87d elementor-widget__width-initial elementor-absolute elementor-widget-divider--view-line elementor-widget elementor-widget-divider\" data-id=\"151fe87d\" data-element_type=\"widget\" data-settings=\"{&quot;_position&quot;:&quot;absolute&quot;}\" data-widget_type=\"divider.default\">\n\t\t\t\t<div class=\"elementor-widget-container\">\n\t\t\t\t\t<div class=\"elementor-divider\">\n\t\t\t<span class=\"elementor-divider-separator\">\n\t\t\t\t\t\t<\/span>\n\t\t<\/div>\n\t\t\t\t<\/div>\n\t\t\t\t<\/div>\n\t\t\t\t<section class=\"elementor-section elementor-inner-section elementor-element elementor-element-59774d4b elementor-section-boxed elementor-section-height-default elementor-section-height-default wpr-particle-no wpr-jarallax-no wpr-parallax-no wpr-sticky-section-no\" data-id=\"59774d4b\" data-element_type=\"section\">\n\t\t\t\t\t\t<div class=\"elementor-container elementor-column-gap-default\">\n\t\t\t\t\t<div class=\"elementor-column elementor-col-33 elementor-inner-column elementor-element elementor-element-45281487\" data-id=\"45281487\" data-element_type=\"column\">\n\t\t\t<div class=\"elementor-widget-wrap elementor-element-populated\">\n\t\t\t\t\t\t<div class=\"elementor-element elementor-element-6fd29b55 elementor-widget__width-auto elementor-view-default elementor-widget elementor-widget-icon\" data-id=\"6fd29b55\" data-element_type=\"widget\" data-widget_type=\"icon.default\">\n\t\t\t\t<div class=\"elementor-widget-container\">\n\t\t\t\t\t<div class=\"elementor-icon-wrapper\">\n\t\t\t<div class=\"elementor-icon elementor-animation-grow\">\n\t\t\t<i aria-hidden=\"true\" class=\"icon icon-shield11\"><\/i>\t\t\t<\/div>\n\t\t<\/div>\n\t\t\t\t<\/div>\n\t\t\t\t<\/div>\n\t\t\t\t<div class=\"elementor-element elementor-element-362ebc09 eael-dual-header-content-align-right eael-dual-header-content-tablet-align-center eael-dual-header-content-mobile-align-center elementor-widget elementor-widget-eael-dual-color-header\" data-id=\"362ebc09\" data-element_type=\"widget\" data-widget_type=\"eael-dual-color-header.default\">\n\t\t\t\t<div class=\"elementor-widget-container\">\n\t\t\t\t\t\t<div class=\"eael-dual-header\">\n\t\t\t\t<h2 class=\"title\"><span class=\"lead solid-color\">Informationssicherheit<\/span> <span><\/span><\/h2>\t\t\t\t<span class=\"subtext\"><p>Netzsicherheitspr\u00fcfungen und Aufdeckung von Schwachstellen<\/p><\/span>\n\t\t\t\t\t\t\t<\/div>\n\n\t\t\t\t<\/div>\n\t\t\t\t<\/div>\n\t\t\t\t<div class=\"elementor-element elementor-element-2ad9fe6d elementor-widget__width-auto elementor-view-default elementor-widget elementor-widget-icon\" data-id=\"2ad9fe6d\" data-element_type=\"widget\" data-widget_type=\"icon.default\">\n\t\t\t\t<div class=\"elementor-widget-container\">\n\t\t\t\t\t<div class=\"elementor-icon-wrapper\">\n\t\t\t<div class=\"elementor-icon\">\n\t\t\t<i aria-hidden=\"true\" class=\"icon icon-idea_generate\"><\/i>\t\t\t<\/div>\n\t\t<\/div>\n\t\t\t\t<\/div>\n\t\t\t\t<\/div>\n\t\t\t\t<div class=\"elementor-element elementor-element-623db5e7 eael-dual-header-content-align-right eael-dual-header-content-tablet-align-center eael-dual-header-content-mobile-align-center elementor-widget elementor-widget-eael-dual-color-header\" data-id=\"623db5e7\" data-element_type=\"widget\" data-widget_type=\"eael-dual-color-header.default\">\n\t\t\t\t<div class=\"elementor-widget-container\">\n\t\t\t\t\t\t<div class=\"eael-dual-header\">\n\t\t\t\t<h2 class=\"title\"><span class=\"lead solid-color\">IT-Beratung und Projektleitung<\/span> <span><\/span><\/h2>\t\t\t\t<span class=\"subtext\"><p>Planung und Verwaltung von Technologieinvestitionen<\/p><\/span>\n\t\t\t\t\t\t\t<\/div>\n\n\t\t\t\t<\/div>\n\t\t\t\t<\/div>\n\t\t\t\t\t<\/div>\n\t\t<\/div>\n\t\t\t\t<div class=\"elementor-column elementor-col-33 elementor-inner-column elementor-element elementor-element-a23a255\" data-id=\"a23a255\" data-element_type=\"column\" data-settings=\"{&quot;background_background&quot;:&quot;classic&quot;}\">\n\t\t\t<div class=\"elementor-widget-wrap elementor-element-populated\">\n\t\t\t\t\t\t<div class=\"elementor-element elementor-element-3c75fdd5 elementor-widget__width-initial elementor-absolute elementor-widget elementor-widget-counter\" data-id=\"3c75fdd5\" data-element_type=\"widget\" data-settings=\"{&quot;_position&quot;:&quot;absolute&quot;}\" data-widget_type=\"counter.default\">\n\t\t\t\t<div class=\"elementor-widget-container\">\n\t\t\t\t\t<div class=\"elementor-counter\">\n\t\t\t<div class=\"elementor-counter-title\">Jahre Erfahrung<\/div>\t\t\t<div class=\"elementor-counter-number-wrapper\">\n\t\t\t\t<span class=\"elementor-counter-number-prefix\"><\/span>\n\t\t\t\t<span class=\"elementor-counter-number\" data-duration=\"2000\" data-to-value=\"19\" data-from-value=\"0\" data-delimiter=\",\">0<\/span>\n\t\t\t\t<span class=\"elementor-counter-number-suffix\">+<\/span>\n\t\t\t<\/div>\n\t\t<\/div>\n\t\t\t\t<\/div>\n\t\t\t\t<\/div>\n\t\t\t\t\t<\/div>\n\t\t<\/div>\n\t\t\t\t<div class=\"elementor-column elementor-col-33 elementor-inner-column elementor-element elementor-element-79773aac\" data-id=\"79773aac\" data-element_type=\"column\">\n\t\t\t<div class=\"elementor-widget-wrap elementor-element-populated\">\n\t\t\t\t\t\t<div class=\"elementor-element elementor-element-6db046f3 elementor-widget__width-auto elementor-view-default elementor-widget elementor-widget-icon\" data-id=\"6db046f3\" data-element_type=\"widget\" data-widget_type=\"icon.default\">\n\t\t\t\t<div class=\"elementor-widget-container\">\n\t\t\t\t\t<div class=\"elementor-icon-wrapper\">\n\t\t\t<div class=\"elementor-icon\">\n\t\t\t<i aria-hidden=\"true\" class=\"icon icon-tools\"><\/i>\t\t\t<\/div>\n\t\t<\/div>\n\t\t\t\t<\/div>\n\t\t\t\t<\/div>\n\t\t\t\t<div class=\"elementor-element elementor-element-4133f865 eael-dual-header-content-align-left eael-dual-header-content-tablet-align-center eael-dual-header-content-mobile-align-center elementor-widget elementor-widget-eael-dual-color-header\" data-id=\"4133f865\" data-element_type=\"widget\" data-widget_type=\"eael-dual-color-header.default\">\n\t\t\t\t<div class=\"elementor-widget-container\">\n\t\t\t\t\t\t<div class=\"eael-dual-header\">\n\t\t\t\t<h2 class=\"title\"><span class=\"lead solid-color\">Hardware-Probleme<\/span> <span><\/span><\/h2>\t\t\t\t<span class=\"subtext\"><p>Hardware-Ausf\u00e4lle von Computern (z. B. Festplattenfehler, Probleme mit der Hauptplatine)<\/p><\/span>\n\t\t\t\t\t\t\t<\/div>\n\n\t\t\t\t<\/div>\n\t\t\t\t<\/div>\n\t\t\t\t<div class=\"elementor-element elementor-element-429cc9ea elementor-widget__width-auto elementor-view-default elementor-widget elementor-widget-icon\" data-id=\"429cc9ea\" data-element_type=\"widget\" data-widget_type=\"icon.default\">\n\t\t\t\t<div class=\"elementor-widget-container\">\n\t\t\t\t\t<div class=\"elementor-icon-wrapper\">\n\t\t\t<div class=\"elementor-icon\">\n\t\t\t<i aria-hidden=\"true\" class=\"icon icon-database1\"><\/i>\t\t\t<\/div>\n\t\t<\/div>\n\t\t\t\t<\/div>\n\t\t\t\t<\/div>\n\t\t\t\t<div class=\"elementor-element elementor-element-6fd3d52a eael-dual-header-content-align-left eael-dual-header-content-tablet-align-center eael-dual-header-content-mobile-align-center elementor-widget elementor-widget-eael-dual-color-header\" data-id=\"6fd3d52a\" data-element_type=\"widget\" data-widget_type=\"eael-dual-color-header.default\">\n\t\t\t\t<div class=\"elementor-widget-container\">\n\t\t\t\t\t\t<div class=\"eael-dual-header\">\n\t\t\t\t<h2 class=\"title\"><span class=\"lead solid-color\">Datensicherung und -wiederherstellung<\/span> <span><\/span><\/h2>\t\t\t\t<span class=\"subtext\"><p>Backup und sichere Speicherung von wichtigen Daten<\/p><\/span>\n\t\t\t\t\t\t\t<\/div>\n\n\t\t\t\t<\/div>\n\t\t\t\t<\/div>\n\t\t\t\t\t<\/div>\n\t\t<\/div>\n\t\t\t\t\t<\/div>\n\t\t<\/section>\n\t\t\t\t\t<\/div>\n\t\t<\/div>\n\t\t\t\t\t<\/div>\n\t\t<\/section>\n\t\t\t\t<section class=\"elementor-section elementor-top-section elementor-element elementor-element-7f18cfad elementor-section-boxed elementor-section-height-default elementor-section-height-default wpr-particle-no wpr-jarallax-no wpr-parallax-no wpr-sticky-section-no\" data-id=\"7f18cfad\" data-element_type=\"section\">\n\t\t\t\t\t\t<div class=\"elementor-container elementor-column-gap-default\">\n\t\t\t\t\t<div class=\"elementor-column elementor-col-100 elementor-top-column elementor-element elementor-element-7811e1d4\" data-id=\"7811e1d4\" data-element_type=\"column\">\n\t\t\t<div class=\"elementor-widget-wrap elementor-element-populated\">\n\t\t\t\t\t\t<section class=\"elementor-section elementor-inner-section elementor-element elementor-element-5179e16d elementor-section-boxed elementor-section-height-default elementor-section-height-default wpr-particle-no wpr-jarallax-no wpr-parallax-no wpr-sticky-section-no\" data-id=\"5179e16d\" data-element_type=\"section\" data-settings=\"{&quot;background_background&quot;:&quot;classic&quot;}\">\n\t\t\t\t\t\t<div class=\"elementor-container elementor-column-gap-default\">\n\t\t\t\t\t<div class=\"elementor-column elementor-col-50 elementor-inner-column elementor-element elementor-element-6eae6503\" data-id=\"6eae6503\" data-element_type=\"column\">\n\t\t\t<div class=\"elementor-widget-wrap elementor-element-populated\">\n\t\t\t\t\t\t<div class=\"elementor-element elementor-element-e0d6a2e elementor-widget elementor-widget-heading\" data-id=\"e0d6a2e\" data-element_type=\"widget\" data-widget_type=\"heading.default\">\n\t\t\t\t<div class=\"elementor-widget-container\">\n\t\t\t<h2 class=\"elementor-heading-title elementor-size-default\">Was wir tun<\/h2>\t\t<\/div>\n\t\t\t\t<\/div>\n\t\t\t\t<div class=\"elementor-element elementor-element-e0437ae elementor-widget__width-initial elementor-absolute elementor-widget-tablet__width-initial elementor-widget-mobile__width-initial elementor-hidden-phone elementor-widget elementor-widget-image\" data-id=\"e0437ae\" data-element_type=\"widget\" data-settings=\"{&quot;_position&quot;:&quot;absolute&quot;}\" data-widget_type=\"image.default\">\n\t\t\t\t<div class=\"elementor-widget-container\">\n\t\t\t\t\t\t\t\t\t\t\t\t\t<img fetchpriority=\"high\" decoding=\"async\" width=\"2560\" height=\"1707\" src=\"https:\/\/darksn.de\/wp-content\/uploads\/2024\/04\/standing-by-the-table-near-big-windows-group-of-p-2023-11-27-05-02-36-utc-scaled-1.jpg\" class=\"attachment-full size-full wp-image-8756\" alt=\"Stehend am Tisch in der N\u00e4he gro\u00dfer Fenster. Eine Gruppe professioneller Gesch\u00e4ftsleute befindet sich im B\u00fcro.\" srcset=\"https:\/\/darksn.de\/wp-content\/uploads\/2024\/04\/standing-by-the-table-near-big-windows-group-of-p-2023-11-27-05-02-36-utc-scaled-1.jpg 2560w, https:\/\/darksn.de\/wp-content\/uploads\/2024\/04\/standing-by-the-table-near-big-windows-group-of-p-2023-11-27-05-02-36-utc-scaled-1-300x200.jpg 300w, https:\/\/darksn.de\/wp-content\/uploads\/2024\/04\/standing-by-the-table-near-big-windows-group-of-p-2023-11-27-05-02-36-utc-scaled-1-1024x683.jpg 1024w, https:\/\/darksn.de\/wp-content\/uploads\/2024\/04\/standing-by-the-table-near-big-windows-group-of-p-2023-11-27-05-02-36-utc-scaled-1-768x512.jpg 768w, https:\/\/darksn.de\/wp-content\/uploads\/2024\/04\/standing-by-the-table-near-big-windows-group-of-p-2023-11-27-05-02-36-utc-scaled-1-1536x1024.jpg 1536w, https:\/\/darksn.de\/wp-content\/uploads\/2024\/04\/standing-by-the-table-near-big-windows-group-of-p-2023-11-27-05-02-36-utc-scaled-1-2048x1366.jpg 2048w\" sizes=\"(max-width: 2560px) 100vw, 2560px\" \/>\t\t\t\t\t\t\t\t\t\t\t\t\t<\/div>\n\t\t\t\t<\/div>\n\t\t\t\t<div class=\"elementor-element elementor-element-14bb0f9e elementor-widget__width-initial elementor-absolute elementor-widget-divider--view-line elementor-widget elementor-widget-divider\" data-id=\"14bb0f9e\" data-element_type=\"widget\" data-settings=\"{&quot;_position&quot;:&quot;absolute&quot;}\" data-widget_type=\"divider.default\">\n\t\t\t\t<div class=\"elementor-widget-container\">\n\t\t\t\t\t<div class=\"elementor-divider\">\n\t\t\t<span class=\"elementor-divider-separator\">\n\t\t\t\t\t\t<\/span>\n\t\t<\/div>\n\t\t\t\t<\/div>\n\t\t\t\t<\/div>\n\t\t\t\t\t<\/div>\n\t\t<\/div>\n\t\t\t\t<div class=\"elementor-column elementor-col-50 elementor-inner-column elementor-element elementor-element-2d3c55ea\" data-id=\"2d3c55ea\" data-element_type=\"column\">\n\t\t\t<div class=\"elementor-widget-wrap elementor-element-populated\">\n\t\t\t\t\t\t<div class=\"elementor-element elementor-element-2587cf84 elementor-widget elementor-widget-heading\" data-id=\"2587cf84\" data-element_type=\"widget\" data-widget_type=\"heading.default\">\n\t\t\t\t<div class=\"elementor-widget-container\">\n\t\t\t<h2 class=\"elementor-heading-title elementor-size-default\">Wir bieten spezialisierten Service f\u00fcr IT-Probleme<\/h2>\t\t<\/div>\n\t\t\t\t<\/div>\n\t\t\t\t<div class=\"elementor-element elementor-element-526ad9d0 elementor-widget elementor-widget-text-editor\" data-id=\"526ad9d0\" data-element_type=\"widget\" data-widget_type=\"text-editor.default\">\n\t\t\t\t<div class=\"elementor-widget-container\">\n\t\t\t\t\t\t\t<p>Wir sind ein Unternehmen, das ma\u00dfgeschneiderte L\u00f6sungen f\u00fcr technologische Probleme anbietet. Ob es sich um Hardware oder Software, Netzwerke oder Sicherheit handelt, unser Expertenteam ist da, um die komplexesten IT-Probleme zu l\u00f6sen. Wir sind hier, um Sie, unsere gesch\u00e4tzten Besucher, bei der digitalen Transformation Ihres Unternehmens zu begleiten und Ihre Probleme zu l\u00f6sen.<\/p>\t\t\t\t\t\t<\/div>\n\t\t\t\t<\/div>\n\t\t\t\t<div class=\"elementor-element elementor-element-1a9ba7a4 elementor-widget__width-initial elementor-widget-tablet__width-initial elementor-widget-mobile__width-initial elementor-widget elementor-widget-elementskit-button\" data-id=\"1a9ba7a4\" data-element_type=\"widget\" data-widget_type=\"elementskit-button.default\">\n\t\t\t\t<div class=\"elementor-widget-container\">\n\t\t\t<div class=\"ekit-wid-con\" >\t\t<div class=\"ekit-btn-wraper\">\n\t\t\t\t\t\t\t<a href=\"https:\/\/darksn.de\/de\/contact-and-locations\/\" class=\"elementskit-btn  whitespace--normal\" id=\"\">\n\t\t\t\t\tLos geht&#039;s\t\t\t\t<\/a>\n\t\t\t\t\t<\/div>\n        <\/div>\t\t<\/div>\n\t\t\t\t<\/div>\n\t\t\t\t<div class=\"elementor-element elementor-element-63f5ea09 elementor-widget__width-initial elementor-widget-tablet__width-initial elementor-widget-mobile__width-initial elementor-widget elementor-widget-elementskit-button\" data-id=\"63f5ea09\" data-element_type=\"widget\" data-widget_type=\"elementskit-button.default\">\n\t\t\t\t<div class=\"elementor-widget-container\">\n\t\t\t<div class=\"ekit-wid-con\" >\t\t<div class=\"ekit-btn-wraper\">\n\t\t\t\t\t\t\t<a href=\"https:\/\/darksn.de\/de\/join-our-team\/\" class=\"elementskit-btn  whitespace--normal\" id=\"\">\n\t\t\t\t\tJetzt mitmachen!\t\t\t\t<\/a>\n\t\t\t\t\t<\/div>\n        <\/div>\t\t<\/div>\n\t\t\t\t<\/div>\n\t\t\t\t\t<\/div>\n\t\t<\/div>\n\t\t\t\t\t<\/div>\n\t\t<\/section>\n\t\t\t\t\t<\/div>\n\t\t<\/div>\n\t\t\t\t\t<\/div>\n\t\t<\/section>\n\t\t<div class=\"elementor-element elementor-element-ef163e7 e-flex e-con-boxed wpr-particle-no wpr-jarallax-no wpr-parallax-no wpr-sticky-section-no e-con e-parent\" data-id=\"ef163e7\" data-element_type=\"container\">\n\t\t\t\t\t<div class=\"e-con-inner\">\n\t\t\t\t<div class=\"elementor-element elementor-element-c714e1d elementor-widget elementor-widget-tfposts-navigation\" data-id=\"c714e1d\" data-element_type=\"widget\" data-widget_type=\"tfposts-navigation.default\">\n\t\t\t\t<div class=\"elementor-widget-container\">\n\t\t\t        <div id=\"tf-post-navigation-c714e1d\" class=\"tf-post-navigation\" data-tabid=\"c714e1d\">\r\n        \t<div class=\"tf-wrap-post-navigation\">\r\n\t\t\t\t<div class=\"tf-post-navigation-link tf-post-navigation-prev\">\r\n\t\t\t\t\t<a href=\"https:\/\/darksn.de\/de\/job-opportunities\/\" rel=\"prev\"><span class=\"post-navigation-arrow-wrapper post-navigation-arrow-prev\"><i class=\"fa fa-angle-left\" aria-hidden=\"true\"><\/i><\/span><span class=\"tf-post-navigation-link-prev\"><span class=\"post-navigation-label post-navigation-prev-label\">PREVIOUS<\/span><span class=\"post-navigation-title post-navigation-prev-title\">Job Opportunities<\/span><\/span><\/a>\t\t\t\t<\/div>\r\n\t\t\t\t\t\t\t\t\t<div class=\"tf-post-navigation-separator\">\r\n\t\t\t\t\t\t<div class=\"navigation-separator\"><\/div>\r\n\t\t\t\t\t<\/div>\r\n\t\t\t\t\t\t\t\t<div class=\"tf-post-navigation-link tf-post-navigation-next\">\r\n\t\t\t\t\t<a href=\"https:\/\/darksn.de\/de\/application-guidance\/\" rel=\"next\"><span class=\"tf-post-navigation-link-next\"><span class=\"post-navigation-label post-navigation-next-label\">N\u00c4CHSTES<\/span><span class=\"post-navigation-title post-navigation-next-title\">Application Guidance<\/span><\/span><span class=\"post-navigation-arrow-wrapper post-navigation-arrow-next\"><i class=\"fa fa-angle-right\" aria-hidden=\"true\"><\/i><\/span><\/a>\t\t\t\t<\/div>\r\n\t\t\t<\/div>\r\n\t\t<\/div>\r\n        \t\t<\/div>\n\t\t\t\t<\/div>\n\t\t\t\t\t<\/div>\n\t\t\t\t<\/div>\n\t\t\t\t<\/div>","protected":false},"excerpt":{"rendered":"<p>corporate culture Unsere Arbeitsplatzkultur basiert auf Solidarit\u00e4t, offener Kommunikation und kontinuierlichem Lernen. corporate culture Wir sind davon \u00fcberzeugt, dass jeder Mitarbeiter einen wertvollen Beitrag leistet, und wir respektieren die Ideen und Perspektiven jedes Einzelnen. Informationssicherheit Netzsicherheitspr\u00fcfungen und Aufdeckung von Schwachstellen IT-Beratung und Projektleitung Planung und Verwaltung von Technologieinvestitionen 0 + Jahre Erfahrung Hardware-Probleme Hardware-Ausf\u00e4lle von Computern (z. B. Festplattenfehler, Probleme mit der Hauptplatine) Datensicherung und -wiederherstellung Backup und sichere Speicherung von wichtigen Daten Was wir tun Wir bieten spezialisierten Service f\u00fcr IT-Probleme Wir sind ein Unternehmen, das ma\u00dfgeschneiderte L\u00f6sungen f\u00fcr technologische Probleme anbietet. Ob es sich um Hardware oder Software, Netzwerke oder Sicherheit handelt, unser Expertenteam ist da, um die komplexesten IT-Probleme zu l\u00f6sen. Wir sind hier, um Sie, unsere gesch\u00e4tzten Besucher, bei der digitalen Transformation Ihres Unternehmens zu begleiten und Ihre Probleme zu l\u00f6sen. Los geht&#039;s Jetzt mitmachen! PREVIOUSJob Opportunities N\u00c4CHSTESApplication Guidance<\/p>","protected":false},"author":1,"featured_media":0,"parent":0,"menu_order":0,"comment_status":"closed","ping_status":"closed","template":"elementor_header_footer","meta":{"footnotes":""},"coauthors":[],"class_list":["post-2804","page","type-page","status-publish","hentry"],"_links":{"self":[{"href":"https:\/\/darksn.de\/de\/wp-json\/wp\/v2\/pages\/2804","targetHints":{"allow":["GET"]}}],"collection":[{"href":"https:\/\/darksn.de\/de\/wp-json\/wp\/v2\/pages"}],"about":[{"href":"https:\/\/darksn.de\/de\/wp-json\/wp\/v2\/types\/page"}],"author":[{"embeddable":true,"href":"https:\/\/darksn.de\/de\/wp-json\/wp\/v2\/users\/1"}],"replies":[{"embeddable":true,"href":"https:\/\/darksn.de\/de\/wp-json\/wp\/v2\/comments?post=2804"}],"version-history":[{"count":0,"href":"https:\/\/darksn.de\/de\/wp-json\/wp\/v2\/pages\/2804\/revisions"}],"wp:attachment":[{"href":"https:\/\/darksn.de\/de\/wp-json\/wp\/v2\/media?parent=2804"}],"wp:term":[{"taxonomy":"author","embeddable":true,"href":"https:\/\/darksn.de\/de\/wp-json\/wp\/v2\/coauthors?post=2804"}],"curies":[{"name":"wp","href":"https:\/\/api.w.org\/{rel}","templated":true}]}}