{"id":2817,"date":"2024-03-21T22:29:22","date_gmt":"2024-03-21T21:29:22","guid":{"rendered":"http:\/\/courpack.de\/?page_id=2817"},"modified":"2024-03-21T22:29:22","modified_gmt":"2024-03-21T21:29:22","slug":"our-history","status":"publish","type":"page","link":"https:\/\/darksn.de\/de\/our-history\/","title":{"rendered":"Our History"},"content":{"rendered":"<div data-elementor-type=\"page\" data-elementor-id=\"2817\" class=\"elementor elementor-2817\" data-elementor-post-type=\"page\">\n\t\t\t\t\t\t<section class=\"elementor-section elementor-top-section elementor-element elementor-element-b7515bc elementor-section-boxed elementor-section-height-default elementor-section-height-default wpr-particle-no wpr-jarallax-no wpr-parallax-no wpr-sticky-section-no\" data-id=\"b7515bc\" data-element_type=\"section\" data-settings=\"{&quot;background_background&quot;:&quot;classic&quot;}\">\n\t\t\t\t\t\t\t<div class=\"elementor-background-overlay\"><\/div>\n\t\t\t\t\t\t\t<div class=\"elementor-container elementor-column-gap-default\">\n\t\t\t\t\t<div class=\"elementor-column elementor-col-50 elementor-top-column elementor-element elementor-element-93f8af0\" data-id=\"93f8af0\" data-element_type=\"column\">\n\t\t\t<div class=\"elementor-widget-wrap elementor-element-populated\">\n\t\t\t\t\t\t<div class=\"elementor-element elementor-element-6cf6de9 elementor-invisible elementor-widget elementor-widget-heading\" data-id=\"6cf6de9\" data-element_type=\"widget\" data-settings=\"{&quot;_animation&quot;:&quot;fadeInLeft&quot;}\" data-widget_type=\"heading.default\">\n\t\t\t\t<div class=\"elementor-widget-container\">\n\t\t\t<h1 class=\"elementor-heading-title elementor-size-default\">our history<\/h1>\t\t<\/div>\n\t\t\t\t<\/div>\n\t\t\t\t\t<\/div>\n\t\t<\/div>\n\t\t\t\t<div class=\"elementor-column elementor-col-50 elementor-top-column elementor-element elementor-element-4b87b16\" data-id=\"4b87b16\" data-element_type=\"column\">\n\t\t\t<div class=\"elementor-widget-wrap elementor-element-populated\">\n\t\t\t\t\t\t\t<\/div>\n\t\t<\/div>\n\t\t\t\t\t<\/div>\n\t\t<\/section>\n\t\t\t\t<section class=\"elementor-section elementor-top-section elementor-element elementor-element-25a3798c elementor-section-boxed elementor-section-height-default elementor-section-height-default wpr-particle-no wpr-jarallax-no wpr-parallax-no wpr-sticky-section-no\" data-id=\"25a3798c\" data-element_type=\"section\">\n\t\t\t\t\t\t<div class=\"elementor-container elementor-column-gap-default\">\n\t\t\t\t\t<div class=\"elementor-column elementor-col-33 elementor-top-column elementor-element elementor-element-d768c5\" data-id=\"d768c5\" data-element_type=\"column\">\n\t\t\t<div class=\"elementor-widget-wrap elementor-element-populated\">\n\t\t\t\t\t\t<div class=\"elementor-element elementor-element-767514c2 elementor-widget elementor-widget-heading\" data-id=\"767514c2\" data-element_type=\"widget\" data-widget_type=\"heading.default\">\n\t\t\t\t<div class=\"elementor-widget-container\">\n\t\t\t<h4 class=\"elementor-heading-title elementor-size-default\">2018<\/h4>\t\t<\/div>\n\t\t\t\t<\/div>\n\t\t\t\t<div class=\"elementor-element elementor-element-6f896910 elementor-widget elementor-widget-heading\" data-id=\"6f896910\" data-element_type=\"widget\" data-widget_type=\"heading.default\">\n\t\t\t\t<div class=\"elementor-widget-container\">\n\t\t\t<h2 class=\"elementor-heading-title elementor-size-default\">gegr\u00fcndet<\/h2>\t\t<\/div>\n\t\t\t\t<\/div>\n\t\t\t\t<div class=\"elementor-element elementor-element-445d3fd elementor-widget elementor-widget-text-editor\" data-id=\"445d3fd\" data-element_type=\"widget\" data-widget_type=\"text-editor.default\">\n\t\t\t\t<div class=\"elementor-widget-container\">\n\t\t\t\t\t\t\t<p>F\u00fcr uns ist es nicht nur wichtig, Gesch\u00e4fte zu machen, sondern auch, sie umzugestalten.<\/p>\t\t\t\t\t\t<\/div>\n\t\t\t\t<\/div>\n\t\t\t\t\t<\/div>\n\t\t<\/div>\n\t\t\t\t<div class=\"elementor-column elementor-col-33 elementor-top-column elementor-element elementor-element-7dd25940\" data-id=\"7dd25940\" data-element_type=\"column\">\n\t\t\t<div class=\"elementor-widget-wrap elementor-element-populated\">\n\t\t\t\t\t\t<div class=\"elementor-element elementor-element-10afd738 elementor-widget elementor-widget-text-editor\" data-id=\"10afd738\" data-element_type=\"widget\" data-widget_type=\"text-editor.default\">\n\t\t\t\t<div class=\"elementor-widget-container\">\n\t\t\t\t\t\t\t<p>Wir sind ein IT-L\u00f6sungsunternehmen mit einer langen und erfolgreichen Geschichte im Bereich der Technologie. Unsere Wurzeln begannen mit der Vision, innovative Projekte zu realisieren und unseren Kunden einen Mehrwert zu bieten, und diese Vision besteht auch heute noch.<\/p>\t\t\t\t\t\t<\/div>\n\t\t\t\t<\/div>\n\t\t\t\t<section class=\"elementor-section elementor-inner-section elementor-element elementor-element-6147f5bc elementor-section-boxed elementor-section-height-default elementor-section-height-default wpr-particle-no wpr-jarallax-no wpr-parallax-no wpr-sticky-section-no\" data-id=\"6147f5bc\" data-element_type=\"section\">\n\t\t\t\t\t\t<div class=\"elementor-container elementor-column-gap-default\">\n\t\t\t\t\t<div class=\"elementor-column elementor-col-100 elementor-inner-column elementor-element elementor-element-71f0562c\" data-id=\"71f0562c\" data-element_type=\"column\">\n\t\t\t<div class=\"elementor-widget-wrap elementor-element-populated\">\n\t\t\t\t\t\t<div class=\"elementor-element elementor-element-13765a14 elementor-widget elementor-widget-image\" data-id=\"13765a14\" data-element_type=\"widget\" data-widget_type=\"image.default\">\n\t\t\t\t<div class=\"elementor-widget-container\">\n\t\t\t\t\t\t\t\t\t\t\t\t\t<img decoding=\"async\" src=\"https:\/\/darksn.de\/wp-content\/uploads\/2024\/04\/teacher-talking-about-the-artificial-intelligence-2023-11-27-05-32-31-utc-scaled.jpg\" title=\"\" alt=\"\" loading=\"lazy\" \/>\t\t\t\t\t\t\t\t\t\t\t\t\t<\/div>\n\t\t\t\t<\/div>\n\t\t\t\t<div class=\"elementor-element elementor-element-2240ef20 elementor-widget elementor-widget-heading\" data-id=\"2240ef20\" data-element_type=\"widget\" data-widget_type=\"heading.default\">\n\t\t\t\t<div class=\"elementor-widget-container\">\n\t\t\t<h5 class=\"elementor-heading-title elementor-size-default\">Eine erfahrene und erfahrene Vergangenheit<\/h5>\t\t<\/div>\n\t\t\t\t<\/div>\n\t\t\t\t\t<\/div>\n\t\t<\/div>\n\t\t\t\t\t<\/div>\n\t\t<\/section>\n\t\t\t\t\t<\/div>\n\t\t<\/div>\n\t\t\t\t<div class=\"elementor-column elementor-col-33 elementor-top-column elementor-element elementor-element-7f5ea77f\" data-id=\"7f5ea77f\" data-element_type=\"column\">\n\t\t\t<div class=\"elementor-widget-wrap elementor-element-populated\">\n\t\t\t\t\t\t<div class=\"elementor-element elementor-element-30d08d2 elementor-widget elementor-widget-image\" data-id=\"30d08d2\" data-element_type=\"widget\" data-widget_type=\"image.default\">\n\t\t\t\t<div class=\"elementor-widget-container\">\n\t\t\t\t\t\t\t\t\t\t\t\t\t<img decoding=\"async\" src=\"https:\/\/darksn.de\/wp-content\/uploads\/2021\/03\/resim.png\" title=\"\" alt=\"\" loading=\"lazy\" \/>\t\t\t\t\t\t\t\t\t\t\t\t\t<\/div>\n\t\t\t\t<\/div>\n\t\t\t\t<div class=\"elementor-element elementor-element-3c7f73f2 elementor-widget elementor-widget-heading\" data-id=\"3c7f73f2\" data-element_type=\"widget\" data-widget_type=\"heading.default\">\n\t\t\t\t<div class=\"elementor-widget-container\">\n\t\t\t<h6 class=\"elementor-heading-title elementor-size-default\">Fortschrittliche Infrastrukturtechnologie<\/h6>\t\t<\/div>\n\t\t\t\t<\/div>\n\t\t\t\t\t<\/div>\n\t\t<\/div>\n\t\t\t\t\t<\/div>\n\t\t<\/section>\n\t\t\t\t<section class=\"elementor-section elementor-top-section elementor-element elementor-element-216c478f elementor-section-boxed elementor-section-height-default elementor-section-height-default wpr-particle-no wpr-jarallax-no wpr-parallax-no wpr-sticky-section-no\" data-id=\"216c478f\" data-element_type=\"section\" data-settings=\"{&quot;background_background&quot;:&quot;gradient&quot;}\">\n\t\t\t\t\t\t<div class=\"elementor-container elementor-column-gap-default\">\n\t\t\t\t\t<div class=\"elementor-column elementor-col-33 elementor-top-column elementor-element elementor-element-db7c1c1\" data-id=\"db7c1c1\" data-element_type=\"column\">\n\t\t\t<div class=\"elementor-widget-wrap elementor-element-populated\">\n\t\t\t\t\t\t<div class=\"elementor-element elementor-element-67befa63 elementor-widget elementor-widget-heading\" data-id=\"67befa63\" data-element_type=\"widget\" data-widget_type=\"heading.default\">\n\t\t\t\t<div class=\"elementor-widget-container\">\n\t\t\t<h4 class=\"elementor-heading-title elementor-size-default\">2019<\/h4>\t\t<\/div>\n\t\t\t\t<\/div>\n\t\t\t\t<div class=\"elementor-element elementor-element-8a2dd32 elementor-widget elementor-widget-heading\" data-id=\"8a2dd32\" data-element_type=\"widget\" data-widget_type=\"heading.default\">\n\t\t\t\t<div class=\"elementor-widget-container\">\n\t\t\t<h2 class=\"elementor-heading-title elementor-size-default\">Fortschritte<\/h2>\t\t<\/div>\n\t\t\t\t<\/div>\n\t\t\t\t<div class=\"elementor-element elementor-element-39c863b9 elementor-widget elementor-widget-text-editor\" data-id=\"39c863b9\" data-element_type=\"widget\" data-widget_type=\"text-editor.default\">\n\t\t\t\t<div class=\"elementor-widget-container\">\n\t\t\t\t\t\t\t<p>Mit unseren innovativen Ans\u00e4tzen und kreativen L\u00f6sungen f\u00fchren wir die digitalen Transformationsprozesse unserer Kunden an.<\/p>\t\t\t\t\t\t<\/div>\n\t\t\t\t<\/div>\n\t\t\t\t\t<\/div>\n\t\t<\/div>\n\t\t\t\t<div class=\"elementor-column elementor-col-33 elementor-top-column elementor-element elementor-element-12eaa381\" data-id=\"12eaa381\" data-element_type=\"column\">\n\t\t\t<div class=\"elementor-widget-wrap elementor-element-populated\">\n\t\t\t\t\t\t<div class=\"elementor-element elementor-element-699c55b1 elementor-widget elementor-widget-text-editor\" data-id=\"699c55b1\" data-element_type=\"widget\" data-widget_type=\"text-editor.default\">\n\t\t\t\t<div class=\"elementor-widget-container\">\n\t\t\t\t\t\t\t<p>Seit seiner Gr\u00fcndung ist unser Unternehmen kontinuierlich gewachsen und hat sich einen tadellosen Ruf erworben, wenn es darum geht, auf die technologischen Bed\u00fcrfnisse unserer Kunden einzugehen.<\/p>\t\t\t\t\t\t<\/div>\n\t\t\t\t<\/div>\n\t\t\t\t<div class=\"elementor-element elementor-element-74d6dbed elementor-widget elementor-widget-text-editor\" data-id=\"74d6dbed\" data-element_type=\"widget\" data-widget_type=\"text-editor.default\">\n\t\t\t\t<div class=\"elementor-widget-container\">\n\t\t\t\t\t\t\t<p>Mit der Erfahrung und dem Fachwissen, die wir im Laufe der Jahre erworben haben, streben wir bei jedem Projekt nach Spitzenleistungen.<\/p>\t\t\t\t\t\t<\/div>\n\t\t\t\t<\/div>\n\t\t\t\t<section class=\"elementor-section elementor-inner-section elementor-element elementor-element-4d8511f9 elementor-section-boxed elementor-section-height-default elementor-section-height-default wpr-particle-no wpr-jarallax-no wpr-parallax-no wpr-sticky-section-no\" data-id=\"4d8511f9\" data-element_type=\"section\">\n\t\t\t\t\t\t<div class=\"elementor-container elementor-column-gap-default\">\n\t\t\t\t\t<div class=\"elementor-column elementor-col-50 elementor-inner-column elementor-element elementor-element-29531ab5\" data-id=\"29531ab5\" data-element_type=\"column\">\n\t\t\t<div class=\"elementor-widget-wrap elementor-element-populated\">\n\t\t\t\t\t\t<div class=\"elementor-element elementor-element-5e42cb12 elementor-widget elementor-widget-image\" data-id=\"5e42cb12\" data-element_type=\"widget\" data-widget_type=\"image.default\">\n\t\t\t\t<div class=\"elementor-widget-container\">\n\t\t\t\t\t\t\t\t\t\t\t\t\t<img decoding=\"async\" src=\"https:\/\/darksn.de\/wp-content\/uploads\/2024\/04\/engineers-working-with-artificial-intelligence-in-2023-11-27-05-28-33-utc-1-scaled.jpg\" title=\"\" alt=\"\" loading=\"lazy\" \/>\t\t\t\t\t\t\t\t\t\t\t\t\t<\/div>\n\t\t\t\t<\/div>\n\t\t\t\t\t<\/div>\n\t\t<\/div>\n\t\t\t\t<div class=\"elementor-column elementor-col-50 elementor-inner-column elementor-element elementor-element-39bf3cb8\" data-id=\"39bf3cb8\" data-element_type=\"column\">\n\t\t\t<div class=\"elementor-widget-wrap elementor-element-populated\">\n\t\t\t\t\t\t<div class=\"elementor-element elementor-element-6af2de1e elementor-widget elementor-widget-image\" data-id=\"6af2de1e\" data-element_type=\"widget\" data-widget_type=\"image.default\">\n\t\t\t\t<div class=\"elementor-widget-container\">\n\t\t\t\t\t\t\t\t\t\t\t\t\t<img fetchpriority=\"high\" decoding=\"async\" width=\"2560\" height=\"1707\" src=\"https:\/\/darksn.de\/wp-content\/uploads\/2024\/04\/scientist-in-data-laboratory-2023-11-27-05-23-46-utc-scaled-1.jpg\" class=\"attachment-full size-full wp-image-8693\" alt=\"Portr\u00e4t eines jungen Netzwerkingenieurs im Profil, der auf ein digitales Tablet schaut, w\u00e4hrend er zwischen Serverschr\u00e4nken in einem Supercomputer-Forschungszentrum steht.\" srcset=\"https:\/\/darksn.de\/wp-content\/uploads\/2024\/04\/scientist-in-data-laboratory-2023-11-27-05-23-46-utc-scaled-1.jpg 2560w, https:\/\/darksn.de\/wp-content\/uploads\/2024\/04\/scientist-in-data-laboratory-2023-11-27-05-23-46-utc-scaled-1-300x200.jpg 300w, https:\/\/darksn.de\/wp-content\/uploads\/2024\/04\/scientist-in-data-laboratory-2023-11-27-05-23-46-utc-scaled-1-1024x683.jpg 1024w, https:\/\/darksn.de\/wp-content\/uploads\/2024\/04\/scientist-in-data-laboratory-2023-11-27-05-23-46-utc-scaled-1-768x512.jpg 768w, https:\/\/darksn.de\/wp-content\/uploads\/2024\/04\/scientist-in-data-laboratory-2023-11-27-05-23-46-utc-scaled-1-1536x1024.jpg 1536w, https:\/\/darksn.de\/wp-content\/uploads\/2024\/04\/scientist-in-data-laboratory-2023-11-27-05-23-46-utc-scaled-1-2048x1366.jpg 2048w\" sizes=\"(max-width: 2560px) 100vw, 2560px\" \/>\t\t\t\t\t\t\t\t\t\t\t\t\t<\/div>\n\t\t\t\t<\/div>\n\t\t\t\t\t<\/div>\n\t\t<\/div>\n\t\t\t\t\t<\/div>\n\t\t<\/section>\n\t\t\t\t\t<\/div>\n\t\t<\/div>\n\t\t\t\t<div class=\"elementor-column elementor-col-33 elementor-top-column elementor-element elementor-element-2e85a656\" data-id=\"2e85a656\" data-element_type=\"column\">\n\t\t\t<div class=\"elementor-widget-wrap elementor-element-populated\">\n\t\t\t\t\t\t<div class=\"elementor-element elementor-element-30c05c14 elementor-widget elementor-widget-image\" data-id=\"30c05c14\" data-element_type=\"widget\" data-widget_type=\"image.default\">\n\t\t\t\t<div class=\"elementor-widget-container\">\n\t\t\t\t\t\t\t\t\t\t\t\t\t<img decoding=\"async\" src=\"https:\/\/darksn.de\/wp-content\/uploads\/2021\/03\/resim.png\" title=\"\" alt=\"\" loading=\"lazy\" \/>\t\t\t\t\t\t\t\t\t\t\t\t\t<\/div>\n\t\t\t\t<\/div>\n\t\t\t\t<div class=\"elementor-element elementor-element-1570a846 elementor-widget elementor-widget-heading\" data-id=\"1570a846\" data-element_type=\"widget\" data-widget_type=\"heading.default\">\n\t\t\t\t<div class=\"elementor-widget-container\">\n\t\t\t<h6 class=\"elementor-heading-title elementor-size-default\">weltweit<\/h6>\t\t<\/div>\n\t\t\t\t<\/div>\n\t\t\t\t\t<\/div>\n\t\t<\/div>\n\t\t\t\t\t<\/div>\n\t\t<\/section>\n\t\t\t\t<section class=\"elementor-section elementor-top-section elementor-element elementor-element-6d9da015 elementor-section-boxed elementor-section-height-default elementor-section-height-default wpr-particle-no wpr-jarallax-no wpr-parallax-no wpr-sticky-section-no\" data-id=\"6d9da015\" data-element_type=\"section\">\n\t\t\t\t\t\t<div class=\"elementor-container elementor-column-gap-default\">\n\t\t\t\t\t<div class=\"elementor-column elementor-col-50 elementor-top-column elementor-element elementor-element-25f42257\" data-id=\"25f42257\" data-element_type=\"column\">\n\t\t\t<div class=\"elementor-widget-wrap elementor-element-populated\">\n\t\t\t\t\t\t<div class=\"elementor-element elementor-element-445a4ba9 elementor-widget elementor-widget-heading\" data-id=\"445a4ba9\" data-element_type=\"widget\" data-widget_type=\"heading.default\">\n\t\t\t\t<div class=\"elementor-widget-container\">\n\t\t\t<h4 class=\"elementor-heading-title elementor-size-default\">2020<\/h4>\t\t<\/div>\n\t\t\t\t<\/div>\n\t\t\t\t<div class=\"elementor-element elementor-element-1baa264e elementor-widget elementor-widget-heading\" data-id=\"1baa264e\" data-element_type=\"widget\" data-widget_type=\"heading.default\">\n\t\t\t\t<div class=\"elementor-widget-container\">\n\t\t\t<h2 class=\"elementor-heading-title elementor-size-default\">Erfolg<\/h2>\t\t<\/div>\n\t\t\t\t<\/div>\n\t\t\t\t<div class=\"elementor-element elementor-element-521ab619 elementor-widget elementor-widget-text-editor\" data-id=\"521ab619\" data-element_type=\"widget\" data-widget_type=\"text-editor.default\">\n\t\t\t\t<div class=\"elementor-widget-container\">\n\t\t\t\t\t\t\t<p>Wir streben bei jedem Projekt Spitzenleistungen an und garantieren den Erfolg unserer Kunden.<\/p>\t\t\t\t\t\t<\/div>\n\t\t\t\t<\/div>\n\t\t\t\t\t<\/div>\n\t\t<\/div>\n\t\t\t\t<div class=\"elementor-column elementor-col-50 elementor-top-column elementor-element elementor-element-5720a441\" data-id=\"5720a441\" data-element_type=\"column\">\n\t\t\t<div class=\"elementor-widget-wrap elementor-element-populated\">\n\t\t\t\t\t\t<div class=\"elementor-element elementor-element-3f0ddbeb elementor-widget elementor-widget-text-editor\" data-id=\"3f0ddbeb\" data-element_type=\"widget\" data-widget_type=\"text-editor.default\">\n\t\t\t\t<div class=\"elementor-widget-container\">\n\t\t\t\t\t\t\t<p>Unsere Geschichte ist gepr\u00e4gt von unserem Engagement f\u00fcr Innovation und Technologie. Wir verfolgen kontinuierlich die Entwicklungen in der Branche, \u00fcbernehmen die neuesten Technologien und bieten unseren Kunden die besten L\u00f6sungen. Innovation ist Teil unserer DNA und wir blicken mit gro\u00dfer Begeisterung in die Zukunft.<\/p>\t\t\t\t\t\t<\/div>\n\t\t\t\t<\/div>\n\t\t\t\t<section class=\"elementor-section elementor-inner-section elementor-element elementor-element-527c7d78 elementor-section-boxed elementor-section-height-default elementor-section-height-default wpr-particle-no wpr-jarallax-no wpr-parallax-no wpr-sticky-section-no\" data-id=\"527c7d78\" data-element_type=\"section\">\n\t\t\t\t\t\t<div class=\"elementor-container elementor-column-gap-default\">\n\t\t\t\t\t<div class=\"elementor-column elementor-col-50 elementor-inner-column elementor-element elementor-element-35a39718\" data-id=\"35a39718\" data-element_type=\"column\">\n\t\t\t<div class=\"elementor-widget-wrap elementor-element-populated\">\n\t\t\t\t\t\t<div class=\"elementor-element elementor-element-555a8f2 elementor-widget elementor-widget-image\" data-id=\"555a8f2\" data-element_type=\"widget\" data-widget_type=\"image.default\">\n\t\t\t\t<div class=\"elementor-widget-container\">\n\t\t\t\t\t\t\t\t\t\t\t\t\t<img decoding=\"async\" width=\"2560\" height=\"1707\" src=\"https:\/\/darksn.de\/wp-content\/uploads\/2024\/04\/young-serious-it-engineer-in-smart-orange-shirt-lo-2023-11-27-05-16-01-utc-scaled-1.jpg\" class=\"attachment-full size-full wp-image-8878\" alt=\"Junger, ernsthafter IT-Ingenieur in einem smarten orangefarbenen Hemd, der kodierte Daten auf Computermonitoren betrachtet, w\u00e4hrend er auf der Tastatur an seinem Arbeitsplatz tippt.\" srcset=\"https:\/\/darksn.de\/wp-content\/uploads\/2024\/04\/young-serious-it-engineer-in-smart-orange-shirt-lo-2023-11-27-05-16-01-utc-scaled-1.jpg 2560w, https:\/\/darksn.de\/wp-content\/uploads\/2024\/04\/young-serious-it-engineer-in-smart-orange-shirt-lo-2023-11-27-05-16-01-utc-scaled-1-300x200.jpg 300w, https:\/\/darksn.de\/wp-content\/uploads\/2024\/04\/young-serious-it-engineer-in-smart-orange-shirt-lo-2023-11-27-05-16-01-utc-scaled-1-1024x683.jpg 1024w, https:\/\/darksn.de\/wp-content\/uploads\/2024\/04\/young-serious-it-engineer-in-smart-orange-shirt-lo-2023-11-27-05-16-01-utc-scaled-1-768x512.jpg 768w, https:\/\/darksn.de\/wp-content\/uploads\/2024\/04\/young-serious-it-engineer-in-smart-orange-shirt-lo-2023-11-27-05-16-01-utc-scaled-1-1536x1024.jpg 1536w, https:\/\/darksn.de\/wp-content\/uploads\/2024\/04\/young-serious-it-engineer-in-smart-orange-shirt-lo-2023-11-27-05-16-01-utc-scaled-1-2048x1366.jpg 2048w\" sizes=\"(max-width: 2560px) 100vw, 2560px\" \/>\t\t\t\t\t\t\t\t\t\t\t\t\t<\/div>\n\t\t\t\t<\/div>\n\t\t\t\t\t<\/div>\n\t\t<\/div>\n\t\t\t\t<div class=\"elementor-column elementor-col-50 elementor-inner-column elementor-element elementor-element-238ea607\" data-id=\"238ea607\" data-element_type=\"column\">\n\t\t\t<div class=\"elementor-widget-wrap elementor-element-populated\">\n\t\t\t\t\t\t<div class=\"elementor-element elementor-element-141bf0a7 elementor-widget elementor-widget-text-editor\" data-id=\"141bf0a7\" data-element_type=\"widget\" data-widget_type=\"text-editor.default\">\n\t\t\t\t<div class=\"elementor-widget-container\">\n\t\t\t\t\t\t\t<p>Die Geschichte unseres Unternehmens ist von jahrelangem Erfolg gepr\u00e4gt. Unser auf Kundenzufriedenheit ausgerichteter Ansatz und unser Streben nach fehlerfreier Arbeit haben uns zu einer f\u00fchrenden Position in der Branche gef\u00fchrt. Unsere Vergangenheit ist ein starkes Fundament f\u00fcr uns, um in Zukunft noch erfolgreicher zu sein.<\/p>\t\t\t\t\t\t<\/div>\n\t\t\t\t<\/div>\n\t\t\t\t\t<\/div>\n\t\t<\/div>\n\t\t\t\t\t<\/div>\n\t\t<\/section>\n\t\t\t\t<div class=\"elementor-element elementor-element-6d5d77cf elementor-widget elementor-widget-text-editor\" data-id=\"6d5d77cf\" data-element_type=\"widget\" data-widget_type=\"text-editor.default\">\n\t\t\t\t<div class=\"elementor-widget-container\">\n\t\t\t\t\t\t\t<p>Unsere Vergangenheit ist gepr\u00e4gt von einem starken Glauben an die Zukunft. Kontinuierliches Wachstum und Entwicklung ist eines der Hauptziele unseres Unternehmens, und wir bewegen uns weiterhin im Einklang mit diesem Ziel vorw\u00e4rts. Wir arbeiten enthusiastisch daran, unseren Kunden einen besseren Service zu bieten und ein Vorreiter in der Branche zu sein.<\/p>\t\t\t\t\t\t<\/div>\n\t\t\t\t<\/div>\n\t\t\t\t\t<\/div>\n\t\t<\/div>\n\t\t\t\t\t<\/div>\n\t\t<\/section>\n\t\t<div class=\"elementor-element elementor-element-ccfdf3f e-flex e-con-boxed wpr-particle-no wpr-jarallax-no wpr-parallax-no wpr-sticky-section-no e-con e-parent\" data-id=\"ccfdf3f\" data-element_type=\"container\">\n\t\t\t\t\t<div class=\"e-con-inner\">\n\t\t\t\t<div class=\"elementor-element elementor-element-cf8d6ce elementor-widget elementor-widget-tfposts-navigation\" data-id=\"cf8d6ce\" data-element_type=\"widget\" data-widget_type=\"tfposts-navigation.default\">\n\t\t\t\t<div class=\"elementor-widget-container\">\n\t\t\t        <div id=\"tf-post-navigation-cf8d6ce\" class=\"tf-post-navigation\" data-tabid=\"cf8d6ce\">\r\n        \t<div class=\"tf-wrap-post-navigation\">\r\n\t\t\t\t<div class=\"tf-post-navigation-link tf-post-navigation-prev\">\r\n\t\t\t\t\t<a href=\"https:\/\/darksn.de\/de\/bewerberbetreuung\/\" rel=\"prev\"><span class=\"post-navigation-arrow-wrapper post-navigation-arrow-prev\"><i class=\"fa fa-angle-left\" aria-hidden=\"true\"><\/i><\/span><span class=\"tf-post-navigation-link-prev\"><span class=\"post-navigation-label post-navigation-prev-label\">PREVIOUS<\/span><span class=\"post-navigation-title post-navigation-prev-title\">Unterst\u00fctzung f\u00fcr Antragsteller<\/span><\/span><\/a>\t\t\t\t<\/div>\r\n\t\t\t\t\t\t\t\t\t<div class=\"tf-post-navigation-separator\">\r\n\t\t\t\t\t\t<div class=\"navigation-separator\"><\/div>\r\n\t\t\t\t\t<\/div>\r\n\t\t\t\t\t\t\t\t<div class=\"tf-post-navigation-link tf-post-navigation-next\">\r\n\t\t\t\t\t<a href=\"https:\/\/darksn.de\/de\/unser-auftrag-und-unsere-werte\/\" rel=\"next\"><span class=\"tf-post-navigation-link-next\"><span class=\"post-navigation-label post-navigation-next-label\">N\u00c4CHSTES<\/span><span class=\"post-navigation-title post-navigation-next-title\">Our Mission and Values<\/span><\/span><span class=\"post-navigation-arrow-wrapper post-navigation-arrow-next\"><i class=\"fa fa-angle-right\" aria-hidden=\"true\"><\/i><\/span><\/a>\t\t\t\t<\/div>\r\n\t\t\t<\/div>\r\n\t\t<\/div>\r\n        \t\t<\/div>\n\t\t\t\t<\/div>\n\t\t\t\t\t<\/div>\n\t\t\t\t<\/div>\n\t\t\t\t<\/div>","protected":false},"excerpt":{"rendered":"<p>our history 2018 gegr\u00fcndet F\u00fcr uns ist es nicht nur wichtig, Gesch\u00e4fte zu machen, sondern auch, sie umzugestalten. Wir sind ein IT-L\u00f6sungsunternehmen mit einer langen und erfolgreichen Geschichte im Bereich der Technologie. Unsere Wurzeln begannen mit der Vision, innovative Projekte zu realisieren und unseren Kunden einen Mehrwert zu bieten, und diese Vision besteht auch heute noch. Eine erfahrene und erfahrene Vergangenheit Fortschrittliche Infrastrukturtechnologie 2019 Fortschritte Mit unseren innovativen Ans\u00e4tzen und kreativen L\u00f6sungen f\u00fchren wir die digitalen Transformationsprozesse unserer Kunden an. Seit seiner Gr\u00fcndung ist unser Unternehmen kontinuierlich gewachsen und hat sich einen tadellosen Ruf erworben, wenn es darum geht, auf die technologischen Bed\u00fcrfnisse unserer Kunden einzugehen. Mit der Erfahrung und dem Fachwissen, die wir im Laufe der Jahre erworben haben, streben wir bei jedem Projekt nach Spitzenleistungen. weltweit 2020 Erfolg Wir streben bei jedem Projekt Spitzenleistungen an und garantieren den Erfolg unserer Kunden. Unsere Geschichte ist gepr\u00e4gt von unserem Engagement f\u00fcr Innovation und Technologie. Wir verfolgen kontinuierlich die Entwicklungen in der Branche, \u00fcbernehmen die neuesten Technologien und bieten unseren Kunden die besten L\u00f6sungen. Innovation ist Teil unserer DNA und wir blicken mit gro\u00dfer Begeisterung in die Zukunft. Die Geschichte unseres Unternehmens ist von jahrelangem Erfolg gepr\u00e4gt. Unser auf Kundenzufriedenheit ausgerichteter Ansatz und unser Streben nach fehlerfreier Arbeit haben uns zu einer f\u00fchrenden Position in der Branche gef\u00fchrt. Unsere Vergangenheit ist ein starkes Fundament f\u00fcr uns, um in Zukunft noch erfolgreicher zu sein. Unsere Vergangenheit ist gepr\u00e4gt von einem starken Glauben an die Zukunft. Kontinuierliches Wachstum und Entwicklung ist eines der Hauptziele unseres Unternehmens, und wir bewegen uns weiterhin im Einklang mit diesem Ziel vorw\u00e4rts. Wir arbeiten enthusiastisch daran, unseren Kunden einen besseren Service zu bieten und ein Vorreiter in der Branche zu sein. PREVIOUSApplicant Support N\u00c4CHSTESOur Mission and Values<\/p>","protected":false},"author":1,"featured_media":0,"parent":0,"menu_order":0,"comment_status":"closed","ping_status":"closed","template":"elementor_header_footer","meta":{"footnotes":""},"coauthors":[],"class_list":["post-2817","page","type-page","status-publish","hentry"],"_links":{"self":[{"href":"https:\/\/darksn.de\/de\/wp-json\/wp\/v2\/pages\/2817","targetHints":{"allow":["GET"]}}],"collection":[{"href":"https:\/\/darksn.de\/de\/wp-json\/wp\/v2\/pages"}],"about":[{"href":"https:\/\/darksn.de\/de\/wp-json\/wp\/v2\/types\/page"}],"author":[{"embeddable":true,"href":"https:\/\/darksn.de\/de\/wp-json\/wp\/v2\/users\/1"}],"replies":[{"embeddable":true,"href":"https:\/\/darksn.de\/de\/wp-json\/wp\/v2\/comments?post=2817"}],"version-history":[{"count":0,"href":"https:\/\/darksn.de\/de\/wp-json\/wp\/v2\/pages\/2817\/revisions"}],"wp:attachment":[{"href":"https:\/\/darksn.de\/de\/wp-json\/wp\/v2\/media?parent=2817"}],"wp:term":[{"taxonomy":"author","embeddable":true,"href":"https:\/\/darksn.de\/de\/wp-json\/wp\/v2\/coauthors?post=2817"}],"curies":[{"name":"wp","href":"https:\/\/api.w.org\/{rel}","templated":true}]}}