{"id":5698,"date":"2024-03-28T14:18:02","date_gmt":"2024-03-28T13:18:02","guid":{"rendered":"http:\/\/courpack.de\/?page_id=5698"},"modified":"2025-10-20T12:47:09","modified_gmt":"2025-10-20T12:47:09","slug":"imprint","status":"publish","type":"page","link":"https:\/\/darksn.de\/de\/impressum\/","title":{"rendered":"Impressum"},"content":{"rendered":"<div data-elementor-type=\"page\" data-elementor-id=\"5698\" class=\"elementor elementor-5698\" data-elementor-post-type=\"page\">\n\t\t\t\t\t\t<section class=\"elementor-section elementor-top-section elementor-element elementor-element-2bf0619b elementor-section-boxed elementor-section-height-default elementor-section-height-default wpr-particle-no wpr-jarallax-no wpr-parallax-no wpr-sticky-section-no\" data-id=\"2bf0619b\" data-element_type=\"section\" data-settings=\"{&quot;background_background&quot;:&quot;classic&quot;}\">\n\t\t\t\t\t\t\t<div class=\"elementor-background-overlay\"><\/div>\n\t\t\t\t\t\t\t<div class=\"elementor-container elementor-column-gap-default\">\n\t\t\t\t\t<div class=\"elementor-column elementor-col-100 elementor-top-column elementor-element elementor-element-717e0b43\" data-id=\"717e0b43\" data-element_type=\"column\">\n\t\t\t<div class=\"elementor-widget-wrap elementor-element-populated\">\n\t\t\t\t\t\t<div class=\"elementor-element elementor-element-66f7f47a elementor-invisible elementor-widget elementor-widget-heading\" data-id=\"66f7f47a\" data-element_type=\"widget\" data-settings=\"{&quot;_animation&quot;:&quot;fadeInLeft&quot;}\" data-widget_type=\"heading.default\">\n\t\t\t\t<div class=\"elementor-widget-container\">\n\t\t\t<h1 class=\"elementor-heading-title elementor-size-default\">Impressum<\/h1>\t\t<\/div>\n\t\t\t\t<\/div>\n\t\t\t\t\t<\/div>\n\t\t<\/div>\n\t\t\t\t\t<\/div>\n\t\t<\/section>\n\t\t<div class=\"elementor-element elementor-element-c52b966 e-flex e-con-boxed wpr-particle-no wpr-jarallax-no wpr-parallax-no wpr-sticky-section-no e-con e-parent\" data-id=\"c52b966\" data-element_type=\"container\">\n\t\t\t\t\t<div class=\"e-con-inner\">\n\t\t\t\t<div class=\"elementor-element elementor-element-fed3e0c elementor-widget elementor-widget-text-editor\" data-id=\"fed3e0c\" data-element_type=\"widget\" data-widget_type=\"text-editor.default\">\n\t\t\t\t<div class=\"elementor-widget-container\">\n\t\t\t\t\t\t\t<header class=\"entry-header\">\n  <h1><strong>Impressum<\/strong><\/h1>\n  <span data-teams=\"true\">ID Nr.: DE354337634<\/span>\n\n  <p>Informationen nach \u00a7 5 TMG<\/p>\n\n  <p>Darksn GmbH<\/p>\n  <p>Teinacher Str. 46<\/p>\n  <p>71634 Ludwigsburg<\/p>\n  <p>Handelsregister: HRB 784465<\/p>\n  <p>Registergericht: Landgericht Stuttgart<\/p>\n\n  <p>Vertreten durch die Gesch\u00e4ftsf\u00fchrung:<\/p>\n  <p>\n    F\n    <span style=\"color: white;\">.<\/span>U\n    <span style=\"color: white;\">.<\/span>R\n    <span style=\"color: white;\">.<\/span>K\n    <span style=\"color: white;\">.<\/span>A\n    <span style=\"color: white;\">.<\/span>N\n    <span style=\"color: white;\">.<\/span> \n    K\n    <span style=\"color: white;\">.<\/span>A\n    <span style=\"color: white;\">.<\/span>R\n    <span style=\"color: white;\">.<\/span>A\n    <span style=\"color: white;\">.<\/span>O\n    <span style=\"color: white;\">.<\/span>\u011e\n    <span style=\"color: white;\">.<\/span>L\n    <span style=\"color: white;\">.<\/span>U\n    <span style=\"color: white;\">.<\/span>\n  <\/p>\n\n  <strong>Kontakt<\/strong>\n  <p>Telefon: 07141 2587291<\/p>\n  <p>E-Mail: <a rel=\"noopener\">info@darksn.de<\/a><\/p>\n\n  <strong>EU-Streitbeilegung<\/strong>\n  <p>\n    Die Europ\u00e4ische Kommission stellt eine Plattform f\u00fcr die Online-Streitbeilegung (ODR) zur Verf\u00fcgung: \n    <a href=\"https:\/\/ec.europa.eu\/consumers\/odr\/\" target=\"_new\" rel=\"noopener\">https:\/\/ec.europa.eu\/consumers\/odr\/<\/a>.\n  <\/p>\n  <p>Unsere E-Mail Adresse finden Sie oben im Impressum.<\/p>\n\n  <strong>Schlichtung von Verbraucherrechtsstreitigkeiten\/Universelle Schlichtungsstelle<\/strong>\n  <p>Wir sind nicht bereit oder verpflichtet, an einem Streitbeilegungsverfahren vor einer Verbraucherschlichtungsstelle teilzunehmen.<\/p>\n<\/header>\n\t\t\t\t\t\t<\/div>\n\t\t\t\t<\/div>\n\t\t\t\t\t<\/div>\n\t\t\t\t<\/div>\n\t\t\t\t<\/div>","protected":false},"excerpt":{"rendered":"<p>Imprint Imprint ID Nr.: DE354337634 Information in accordance with \u00a7 5 TMG Darksn GmbH Teinacher Str. 46 71634 Ludwigsburg Commercial Register: HRB 784465 Register Court: Stuttgart District Court Represented by the Management: F .U .R .K .A .N . K .A .R .A .O .\u011e .L .U . Contact Telephone: 07141 2587291 E-Mail: info@darksn.de EU Dispute Resolution The European Commission provides a platform for online dispute resolution (ODR): https:\/\/ec.europa.eu\/consumers\/odr\/. Our email address can be found above in the imprint. Consumer Dispute Resolution\/Universal Arbitration Board We are not willing or obligated to participate in dispute resolution proceedings before a consumer arbitration board.<\/p>","protected":false},"author":1,"featured_media":0,"parent":0,"menu_order":0,"comment_status":"closed","ping_status":"closed","template":"elementor_header_footer","meta":{"footnotes":""},"coauthors":[],"class_list":["post-5698","page","type-page","status-publish","hentry"],"_links":{"self":[{"href":"https:\/\/darksn.de\/de\/wp-json\/wp\/v2\/pages\/5698","targetHints":{"allow":["GET"]}}],"collection":[{"href":"https:\/\/darksn.de\/de\/wp-json\/wp\/v2\/pages"}],"about":[{"href":"https:\/\/darksn.de\/de\/wp-json\/wp\/v2\/types\/page"}],"author":[{"embeddable":true,"href":"https:\/\/darksn.de\/de\/wp-json\/wp\/v2\/users\/1"}],"replies":[{"embeddable":true,"href":"https:\/\/darksn.de\/de\/wp-json\/wp\/v2\/comments?post=5698"}],"version-history":[{"count":6,"href":"https:\/\/darksn.de\/de\/wp-json\/wp\/v2\/pages\/5698\/revisions"}],"predecessor-version":[{"id":31930,"href":"https:\/\/darksn.de\/de\/wp-json\/wp\/v2\/pages\/5698\/revisions\/31930"}],"wp:attachment":[{"href":"https:\/\/darksn.de\/de\/wp-json\/wp\/v2\/media?parent=5698"}],"wp:term":[{"taxonomy":"author","embeddable":true,"href":"https:\/\/darksn.de\/de\/wp-json\/wp\/v2\/coauthors?post=5698"}],"curies":[{"name":"wp","href":"https:\/\/api.w.org\/{rel}","templated":true}]}}